{"id":2,"date":"2013-12-17T13:17:57","date_gmt":"2013-12-17T13:17:57","guid":{"rendered":"\/?page_id=2"},"modified":"2025-08-20T23:19:00","modified_gmt":"2025-08-20T21:19:00","slug":"beispiel-seite","status":"publish","type":"page","link":"https:\/\/deutungshoheit.de\/?page_id=2","title":{"rendered":"\u00dcber Deutungshoheit"},"content":{"rendered":"<div class=\"shariff\" data-twitter-via=\"Deutungshoheit_ #Podcast\" data-title=\"\u00dcber Deutungshoheit\" data-info-url=\"http:\/\/ct.de\/-2467514\" data-backend-url=\"https:\/\/deutungshoheit.de\/wp-content\/plugins\/shariff-sharing\/backend\/index.php\" data-temp=\"\/tmp\" data-ttl=\"60\" data-service=\"gftr\" data-services='[\"googleplus\",\"facebook\",\"twitter\",\"reddit\",\"info\"]' data-image=\"\" data-url=\"https:\/\/deutungshoheit.de\/?page_id=2\" data-lang=\"de\" data-theme=\"color\" data-orientation=\"horizontal\"><\/div><blockquote>\n<p>&#8222;<strong>Deutungshoheit<\/strong>, die: alleinige Befugnis, etwas zu deuten; alleiniges Recht zu interpretieren, wie sich etwas verh\u00e4lt&#8220; Duden<\/p><\/blockquote>\n<blockquote><p>&#8222;<b>Deutungshoheit<\/b> ist die konkrete Umsetzung eines Letztbegr\u00fcndungs-Anspruches zu Gunsten dessen, was ein Tr\u00e4ger der Deutungshoheit als Berechtigung und\/oder\u00a0Wahrheit zu erkennen glaubt.&#8220; Wikipedia<\/p><\/blockquote>\n<p>&#8222;Deutungshoheit &#8211; Du hast Recht&#8220; ist ein Podcast-Projekt <a href=\"https:\/\/twitter.com\/derPUPE\" target=\"_blank\" rel=\"noopener noreferrer\">derPUPE<\/a>, in welchem mit Freude am Kampft um die Deutungshoheit ausgelebt.<\/p>\n<p>W\u00fcnschen Euch viel Spa\u00df und gute Unterhaltung mit unserem Augenschmaus f\u00fcr Deine Ohren<\/p>\n","protected":false},"excerpt":{"rendered":"<p>&#8222;Deutungshoheit, die: alleinige Befugnis, etwas zu deuten; alleiniges Recht zu interpretieren, wie sich etwas verh\u00e4lt&#8220; Duden &#8222;Deutungshoheit ist die konkrete Umsetzung eines Letztbegr\u00fcndungs-Anspruches zu Gunsten dessen, was ein Tr\u00e4ger der Deutungshoheit als Berechtigung und\/oder\u00a0Wahrheit zu erkennen glaubt.&#8220; Wikipedia &#8222;Deutungshoheit &#8211; Du hast Recht&#8220; ist ein Podcast-Projekt derPUPE, in welchem mit Freude am Kampft um die [&hellip;]<\/p>\n","protected":false},"author":2,"featured_media":87,"parent":0,"menu_order":0,"comment_status":"open","ping_status":"open","template":"","meta":{"footnotes":""},"class_list":["post-2","page","type-page","status-publish","has-post-thumbnail","hentry"],"_links":{"self":[{"href":"https:\/\/deutungshoheit.de\/index.php?rest_route=\/wp\/v2\/pages\/2","targetHints":{"allow":["GET"]}}],"collection":[{"href":"https:\/\/deutungshoheit.de\/index.php?rest_route=\/wp\/v2\/pages"}],"about":[{"href":"https:\/\/deutungshoheit.de\/index.php?rest_route=\/wp\/v2\/types\/page"}],"author":[{"embeddable":true,"href":"https:\/\/deutungshoheit.de\/index.php?rest_route=\/wp\/v2\/users\/2"}],"replies":[{"embeddable":true,"href":"https:\/\/deutungshoheit.de\/index.php?rest_route=%2Fwp%2Fv2%2Fcomments&post=2"}],"version-history":[{"count":17,"href":"https:\/\/deutungshoheit.de\/index.php?rest_route=\/wp\/v2\/pages\/2\/revisions"}],"predecessor-version":[{"id":135,"href":"https:\/\/deutungshoheit.de\/index.php?rest_route=\/wp\/v2\/pages\/2\/revisions\/135"}],"wp:featuredmedia":[{"embeddable":true,"href":"https:\/\/deutungshoheit.de\/index.php?rest_route=\/wp\/v2\/media\/87"}],"wp:attachment":[{"href":"https:\/\/deutungshoheit.de\/index.php?rest_route=%2Fwp%2Fv2%2Fmedia&parent=2"}],"curies":[{"name":"wp","href":"https:\/\/api.w.org\/{rel}","templated":true}]}}